{"id":1033,"date":"2025-02-04T14:11:33","date_gmt":"2025-02-04T19:11:33","guid":{"rendered":"https:\/\/espoirtherapeutics.com\/espoir-therapeutics\/"},"modified":"2025-06-05T19:03:13","modified_gmt":"2025-06-05T23:03:13","slug":"espoir-therapeutics","status":"publish","type":"page","link":"https:\/\/espoirtherapeutics.com\/fr\/","title":{"rendered":"Espoir Th\u00e9rapeutique"},"content":{"rendered":"\n<h1>\n\t\tLib\u00e9rer les promesses des vaccins conjugu\u00e9s\n\t<\/h1>\n<h2>\n\t\tLa voie d&rsquo;Espoir vers une protection abordable pour les maladies infectieuses et l&rsquo;oncologie.\n\t<\/h2>\n\t<p>Notre mission<\/p>\n<h2>\n\t\tEspoir Therapeutics\n\t<\/h2>\n<h3>\n\t\tEspoir Therapeutics, dont le si\u00e8ge est au Canada, a pour mission de rendre accessibles \u00e0 tous les vaccins conjugu\u00e9s qui sauvent des vies.\n\t<\/h3>\n<h3>\n\t\t CRM197 de qualit\u00e9 GMP\n\t<\/h3>\n<h2>\n\t\t Notre travail de pionnier\n\t<\/h2>\n<h3>\n\t\t L&rsquo;infrastructure\n\t<\/h3>\n<h2>\n\t\t Des atouts qui nous distinguent.\n\t<\/h2>\n\t\t\t\t<img loading=\"lazy\" decoding=\"async\" src=\"https:\/\/espoirtherapeutics.com\/wp-content\/uploads\/2025\/02\/img-3-qe1be2mtycwv6g2q2ch71mglvk73p9vxeyws7grocg.webp\" alt=\"img-3-qe1be2mtycwv6g2q2ch71mglvk73p9vxeyws7grocg\" itemprop=\"image\" height=\"350\" width=\"537\" title=\"img-3-qe1be2mtycwv6g2q2ch71mglvk73p9vxeyws7grocg\" onerror=\"this.style.display='none'\"  \/>\n\t\t\t\t<img loading=\"lazy\" decoding=\"async\" src=\"https:\/\/espoirtherapeutics.com\/wp-content\/uploads\/2025\/02\/img-4-qe1be2mtycxfn1f0ef5nkqam9enaz5v40gem8famm8.webp\" alt=\"img-4-qe1be2mtycxfn1f0ef5nkqam9enaz5v40gem8famm8\" itemprop=\"image\" height=\"450\" width=\"612\" title=\"img-4-qe1be2mtycxfn1f0ef5nkqam9enaz5v40gem8famm8\" onerror=\"this.style.display='none'\"  \/>\n<h3>\n\t\t Porteurs de vaccins conjugu\u00e9s\n\t<\/h3>\n<h2>\n\t\tNotre contribution\n\t<\/h2>\n<h2>\n\t\tDes vaccins abordables\n\t<\/h2>\n\t\t\t\t<img loading=\"lazy\" decoding=\"async\" src=\"https:\/\/espoirtherapeutics.com\/wp-content\/uploads\/2025\/02\/img-2-qe1be2mtycxfn1f0ef5nkqam9enaz5v40gem8famm8.webp\" alt=\"img-2-qe1be2mtycxfn1f0ef5nkqam9enaz5v40gem8famm8\" itemprop=\"image\" height=\"450\" width=\"379\" title=\"img-2-qe1be2mtycxfn1f0ef5nkqam9enaz5v40gem8famm8\" onerror=\"this.style.display='none'\"  \/>\n<h2>\n\t\tNotre \u00e9quipe\n\t<\/h2>\n<h3>\n\t\tDany Valiquette\n\t<\/h3>\n<h4>\n\t\tChef de la direction\n\t<\/h4>\n<h3>\n\t\tMarc Beausoleil\n\t<\/h3>\n<h4>\n\t\tChef des affaires corporatives\n\t<\/h4>\n<h3>\n\t\tYacine Amrani, CPA\n\t<\/h3>\n<h4>\n\t\t Chef de la direction financi\u00e8re\n\t<\/h4>\n<h3>\n\t\tPrabuddha Kundu, Ph.D.\n\t<\/h3>\n<h4>\n\t\tDirecteur g\u00e9n\u00e9ral\n\t<\/h4>\n<h3>\n\t\tDr. Nupur Mehrotra, MD\n\t<\/h3>\n<h4>\n\t\tChef des op\u00e9rations\n\t<\/h4>\n<h3>\n\t\tRam Vishwakarma, Ph.D.\n\t<\/h3>\n<h4>\n\t\tConseiller scientifique\n\t<\/h4>\n<h3>\n\t\tSerge Moffett, Ph.D.\n\t<\/h3>\n<h4>\n\t\tDirecteur Biologie\n\t<\/h4>\n<h3>\n\t\t\u00c9lodie Pastural, Ph.D. RAC\n\t<\/h3>\n<h4>\n\t\tDirectrice Affaires r\u00e9glementaires\n\t<\/h4>\n<h3>\n\t\tTze Chieh Shiao, M.Sc.\n\t<\/h3>\n<h4>\n\t\tDirecteur chimie\n\t<\/h4>\n<a  data-type=\"box\" data-name=\"Bo\u00eete\" data-accepts=\"true\" href=\"https:\/\/glycovax.com\/\" target=\"_blank\" rel=\"noopener\">\n\t<\/a>\n<h4>\n\t\tEspoir Therapeutics est la filiale de fabrication de Glycovax Pharma.\n\t<\/h4>\n<h2>\n\t\tD\u00e9couvrez le prochain chapitre en th\u00e9rapeutique\n\t<\/h2>\n\t<p>Venez d\u00e9couvrir comment Glycovax trace l&rsquo;avenir des soins de sant\u00e9 gr\u00e2ce l&rsquo;innovation technologique et une \u00e9quipe passionn\u00e9e. Visitez notre site web pour notre vision, vous informer sur les plus r\u00e9cents d\u00e9veloppements, et apprendre \u00e0 conna\u00eetre les personnes derri\u00e8res ces perc\u00e9es.<\/p>\n\t<p>En savoir plus sur Glycovax<\/p>\n\t\t\t\t<img loading=\"lazy\" decoding=\"async\" src=\"https:\/\/espoirtherapeutics.com\/wp-content\/uploads\/2025\/02\/glycovax-pharma-horizontal-couleur.svg\" alt=\"glycovax-pharma-horizontal-couleur\" itemprop=\"image\" height=\"0\" width=\"0\" title=\"glycovax-pharma-horizontal-couleur\" onerror=\"this.style.display='none'\"  \/>\n\n","protected":false},"excerpt":{"rendered":"<p>Lib\u00e9rer les promesses des vaccins conjugu\u00e9s La voie d&rsquo;Espoir vers une protection abordable pour les maladies infectieuses et l&rsquo;oncologie. Notre mission Espoir Therapeutics Espoir Therapeutics, dont le si\u00e8ge est au Canada, a pour mission de rendre accessibles \u00e0 tous les vaccins conjugu\u00e9s qui sauvent des vies. CRM197 de qualit\u00e9 GMP Notre travail de pionnier L&rsquo;infrastructure&hellip;<\/p>\n","protected":false},"author":1,"featured_media":0,"parent":0,"menu_order":0,"comment_status":"closed","ping_status":"closed","template":"","meta":{"footnotes":""},"class_list":["post-1033","page","type-page","status-publish","hentry"],"yoast_head":"<!-- This site is optimized with the Yoast SEO plugin v27.3 - https:\/\/yoast.com\/product\/yoast-seo-wordpress\/ -->\n<title>Espoir Th\u00e9rapeutique \u2013 Lib\u00e9rer les promesses des vaccins conjugu\u00e9s<\/title>\n<meta name=\"description\" content=\"Espoir Th\u00e9rapeutique d\u00e9veloppe des vaccins conjugu\u00e9s innovants pour rendre la pr\u00e9vention des maladies accessible \u00e0 tous.\" \/>\n<meta name=\"robots\" content=\"index, follow, max-snippet:-1, max-image-preview:large, max-video-preview:-1\" \/>\n<link rel=\"canonical\" href=\"https:\/\/espoirtherapeutics.com\/fr\/\" \/>\n<meta property=\"og:locale\" content=\"fr_FR\" \/>\n<meta property=\"og:type\" content=\"article\" \/>\n<meta property=\"og:title\" content=\"Espoir Th\u00e9rapeutique \u2013 Lib\u00e9rer les promesses des vaccins conjugu\u00e9s\" \/>\n<meta property=\"og:description\" content=\"Espoir Th\u00e9rapeutique d\u00e9veloppe des vaccins conjugu\u00e9s innovants pour rendre la pr\u00e9vention des maladies accessible \u00e0 tous.\" \/>\n<meta property=\"og:url\" content=\"https:\/\/espoirtherapeutics.com\/fr\/\" \/>\n<meta property=\"og:site_name\" content=\"Espoir Th\u00e9rapeutique\" \/>\n<meta property=\"article:modified_time\" content=\"2025-06-05T23:03:13+00:00\" \/>\n<meta property=\"og:image\" content=\"https:\/\/espoirtherapeutics.com\/wp-content\/uploads\/2025\/04\/Espoir-social.jpg\" \/>\n\t<meta property=\"og:image:width\" content=\"1200\" \/>\n\t<meta property=\"og:image:height\" content=\"675\" \/>\n\t<meta property=\"og:image:type\" content=\"image\/jpeg\" \/>\n<meta name=\"twitter:card\" content=\"summary_large_image\" \/>\n<meta name=\"twitter:label1\" content=\"Dur\u00e9e de lecture estim\u00e9e\" \/>\n\t<meta name=\"twitter:data1\" content=\"3 minutes\" \/>\n<script type=\"application\/ld+json\" class=\"yoast-schema-graph\">{\"@context\":\"https:\\\/\\\/schema.org\",\"@graph\":[{\"@type\":\"WebPage\",\"@id\":\"https:\\\/\\\/espoirtherapeutics.com\\\/fr\\\/\",\"url\":\"https:\\\/\\\/espoirtherapeutics.com\\\/fr\\\/\",\"name\":\"Espoir Th\u00e9rapeutique \u2013 Lib\u00e9rer les promesses des vaccins conjugu\u00e9s\",\"isPartOf\":{\"@id\":\"https:\\\/\\\/espoirtherapeutics.com\\\/fr\\\/#website\"},\"primaryImageOfPage\":{\"@id\":\"https:\\\/\\\/espoirtherapeutics.com\\\/fr\\\/#primaryimage\"},\"image\":{\"@id\":\"https:\\\/\\\/espoirtherapeutics.com\\\/fr\\\/#primaryimage\"},\"thumbnailUrl\":\"https:\\\/\\\/espoirtherapeutics.com\\\/wp-content\\\/uploads\\\/2025\\\/02\\\/img-3-qe1be2mtycwv6g2q2ch71mglvk73p9vxeyws7grocg.webp\",\"datePublished\":\"2025-02-04T19:11:33+00:00\",\"dateModified\":\"2025-06-05T23:03:13+00:00\",\"description\":\"Espoir Th\u00e9rapeutique d\u00e9veloppe des vaccins conjugu\u00e9s innovants pour rendre la pr\u00e9vention des maladies accessible \u00e0 tous.\",\"breadcrumb\":{\"@id\":\"https:\\\/\\\/espoirtherapeutics.com\\\/fr\\\/#breadcrumb\"},\"inLanguage\":\"fr-FR\",\"potentialAction\":[{\"@type\":\"ReadAction\",\"target\":[\"https:\\\/\\\/espoirtherapeutics.com\\\/fr\\\/\"]}]},{\"@type\":\"ImageObject\",\"inLanguage\":\"fr-FR\",\"@id\":\"https:\\\/\\\/espoirtherapeutics.com\\\/fr\\\/#primaryimage\",\"url\":\"https:\\\/\\\/espoirtherapeutics.com\\\/wp-content\\\/uploads\\\/2025\\\/02\\\/img-3-qe1be2mtycwv6g2q2ch71mglvk73p9vxeyws7grocg.webp\",\"contentUrl\":\"https:\\\/\\\/espoirtherapeutics.com\\\/wp-content\\\/uploads\\\/2025\\\/02\\\/img-3-qe1be2mtycwv6g2q2ch71mglvk73p9vxeyws7grocg.webp\"},{\"@type\":\"BreadcrumbList\",\"@id\":\"https:\\\/\\\/espoirtherapeutics.com\\\/fr\\\/#breadcrumb\",\"itemListElement\":[{\"@type\":\"ListItem\",\"position\":1,\"name\":\"Home\",\"item\":\"https:\\\/\\\/espoirtherapeutics.com\\\/fr\\\/espoir-therapeutics\\\/\"},{\"@type\":\"ListItem\",\"position\":2,\"name\":\"Espoir Th\u00e9rapeutique\"}]},{\"@type\":\"WebSite\",\"@id\":\"https:\\\/\\\/espoirtherapeutics.com\\\/fr\\\/#website\",\"url\":\"https:\\\/\\\/espoirtherapeutics.com\\\/fr\\\/\",\"name\":\"Espoir Therapeutics\",\"description\":\"Unlocking The Power Of Conjugate Vaccines\",\"publisher\":{\"@id\":\"https:\\\/\\\/espoirtherapeutics.com\\\/fr\\\/#organization\"},\"potentialAction\":[{\"@type\":\"SearchAction\",\"target\":{\"@type\":\"EntryPoint\",\"urlTemplate\":\"https:\\\/\\\/espoirtherapeutics.com\\\/fr\\\/?s={search_term_string}\"},\"query-input\":{\"@type\":\"PropertyValueSpecification\",\"valueRequired\":true,\"valueName\":\"search_term_string\"}}],\"inLanguage\":\"fr-FR\"},{\"@type\":\"Organization\",\"@id\":\"https:\\\/\\\/espoirtherapeutics.com\\\/fr\\\/#organization\",\"name\":\"Espoir Th\u00e9rapeutique\",\"url\":\"https:\\\/\\\/espoirtherapeutics.com\\\/fr\\\/\",\"logo\":{\"@type\":\"ImageObject\",\"inLanguage\":\"fr-FR\",\"@id\":\"https:\\\/\\\/espoirtherapeutics.com\\\/fr\\\/#\\\/schema\\\/logo\\\/image\\\/\",\"url\":\"https:\\\/\\\/espoirtherapeutics.com\\\/wp-content\\\/uploads\\\/2025\\\/02\\\/Logo-qe1be2n1vew01jp4ejb7h2lurt2o8t09ors1wzm27k.png\",\"contentUrl\":\"https:\\\/\\\/espoirtherapeutics.com\\\/wp-content\\\/uploads\\\/2025\\\/02\\\/Logo-qe1be2n1vew01jp4ejb7h2lurt2o8t09ors1wzm27k.png\",\"width\":650,\"height\":440,\"caption\":\"Espoir Th\u00e9rapeutique\"},\"image\":{\"@id\":\"https:\\\/\\\/espoirtherapeutics.com\\\/fr\\\/#\\\/schema\\\/logo\\\/image\\\/\"}}]}<\/script>\n<!-- \/ Yoast SEO plugin. -->","yoast_head_json":{"title":"Espoir Th\u00e9rapeutique \u2013 Lib\u00e9rer les promesses des vaccins conjugu\u00e9s","description":"Espoir Th\u00e9rapeutique d\u00e9veloppe des vaccins conjugu\u00e9s innovants pour rendre la pr\u00e9vention des maladies accessible \u00e0 tous.","robots":{"index":"index","follow":"follow","max-snippet":"max-snippet:-1","max-image-preview":"max-image-preview:large","max-video-preview":"max-video-preview:-1"},"canonical":"https:\/\/espoirtherapeutics.com\/fr\/","og_locale":"fr_FR","og_type":"article","og_title":"Espoir Th\u00e9rapeutique \u2013 Lib\u00e9rer les promesses des vaccins conjugu\u00e9s","og_description":"Espoir Th\u00e9rapeutique d\u00e9veloppe des vaccins conjugu\u00e9s innovants pour rendre la pr\u00e9vention des maladies accessible \u00e0 tous.","og_url":"https:\/\/espoirtherapeutics.com\/fr\/","og_site_name":"Espoir Th\u00e9rapeutique","article_modified_time":"2025-06-05T23:03:13+00:00","og_image":[{"width":1200,"height":675,"url":"https:\/\/espoirtherapeutics.com\/wp-content\/uploads\/2025\/04\/Espoir-social.jpg","type":"image\/jpeg"}],"twitter_card":"summary_large_image","twitter_misc":{"Dur\u00e9e de lecture estim\u00e9e":"3 minutes"},"schema":{"@context":"https:\/\/schema.org","@graph":[{"@type":"WebPage","@id":"https:\/\/espoirtherapeutics.com\/fr\/","url":"https:\/\/espoirtherapeutics.com\/fr\/","name":"Espoir Th\u00e9rapeutique \u2013 Lib\u00e9rer les promesses des vaccins conjugu\u00e9s","isPartOf":{"@id":"https:\/\/espoirtherapeutics.com\/fr\/#website"},"primaryImageOfPage":{"@id":"https:\/\/espoirtherapeutics.com\/fr\/#primaryimage"},"image":{"@id":"https:\/\/espoirtherapeutics.com\/fr\/#primaryimage"},"thumbnailUrl":"https:\/\/espoirtherapeutics.com\/wp-content\/uploads\/2025\/02\/img-3-qe1be2mtycwv6g2q2ch71mglvk73p9vxeyws7grocg.webp","datePublished":"2025-02-04T19:11:33+00:00","dateModified":"2025-06-05T23:03:13+00:00","description":"Espoir Th\u00e9rapeutique d\u00e9veloppe des vaccins conjugu\u00e9s innovants pour rendre la pr\u00e9vention des maladies accessible \u00e0 tous.","breadcrumb":{"@id":"https:\/\/espoirtherapeutics.com\/fr\/#breadcrumb"},"inLanguage":"fr-FR","potentialAction":[{"@type":"ReadAction","target":["https:\/\/espoirtherapeutics.com\/fr\/"]}]},{"@type":"ImageObject","inLanguage":"fr-FR","@id":"https:\/\/espoirtherapeutics.com\/fr\/#primaryimage","url":"https:\/\/espoirtherapeutics.com\/wp-content\/uploads\/2025\/02\/img-3-qe1be2mtycwv6g2q2ch71mglvk73p9vxeyws7grocg.webp","contentUrl":"https:\/\/espoirtherapeutics.com\/wp-content\/uploads\/2025\/02\/img-3-qe1be2mtycwv6g2q2ch71mglvk73p9vxeyws7grocg.webp"},{"@type":"BreadcrumbList","@id":"https:\/\/espoirtherapeutics.com\/fr\/#breadcrumb","itemListElement":[{"@type":"ListItem","position":1,"name":"Home","item":"https:\/\/espoirtherapeutics.com\/fr\/espoir-therapeutics\/"},{"@type":"ListItem","position":2,"name":"Espoir Th\u00e9rapeutique"}]},{"@type":"WebSite","@id":"https:\/\/espoirtherapeutics.com\/fr\/#website","url":"https:\/\/espoirtherapeutics.com\/fr\/","name":"Espoir Therapeutics","description":"Unlocking The Power Of Conjugate Vaccines","publisher":{"@id":"https:\/\/espoirtherapeutics.com\/fr\/#organization"},"potentialAction":[{"@type":"SearchAction","target":{"@type":"EntryPoint","urlTemplate":"https:\/\/espoirtherapeutics.com\/fr\/?s={search_term_string}"},"query-input":{"@type":"PropertyValueSpecification","valueRequired":true,"valueName":"search_term_string"}}],"inLanguage":"fr-FR"},{"@type":"Organization","@id":"https:\/\/espoirtherapeutics.com\/fr\/#organization","name":"Espoir Th\u00e9rapeutique","url":"https:\/\/espoirtherapeutics.com\/fr\/","logo":{"@type":"ImageObject","inLanguage":"fr-FR","@id":"https:\/\/espoirtherapeutics.com\/fr\/#\/schema\/logo\/image\/","url":"https:\/\/espoirtherapeutics.com\/wp-content\/uploads\/2025\/02\/Logo-qe1be2n1vew01jp4ejb7h2lurt2o8t09ors1wzm27k.png","contentUrl":"https:\/\/espoirtherapeutics.com\/wp-content\/uploads\/2025\/02\/Logo-qe1be2n1vew01jp4ejb7h2lurt2o8t09ors1wzm27k.png","width":650,"height":440,"caption":"Espoir Th\u00e9rapeutique"},"image":{"@id":"https:\/\/espoirtherapeutics.com\/fr\/#\/schema\/logo\/image\/"}}]}},"_links":{"self":[{"href":"https:\/\/espoirtherapeutics.com\/fr\/wp-json\/wp\/v2\/pages\/1033","targetHints":{"allow":["GET"]}}],"collection":[{"href":"https:\/\/espoirtherapeutics.com\/fr\/wp-json\/wp\/v2\/pages"}],"about":[{"href":"https:\/\/espoirtherapeutics.com\/fr\/wp-json\/wp\/v2\/types\/page"}],"author":[{"embeddable":true,"href":"https:\/\/espoirtherapeutics.com\/fr\/wp-json\/wp\/v2\/users\/1"}],"replies":[{"embeddable":true,"href":"https:\/\/espoirtherapeutics.com\/fr\/wp-json\/wp\/v2\/comments?post=1033"}],"version-history":[{"count":12,"href":"https:\/\/espoirtherapeutics.com\/fr\/wp-json\/wp\/v2\/pages\/1033\/revisions"}],"predecessor-version":[{"id":1071,"href":"https:\/\/espoirtherapeutics.com\/fr\/wp-json\/wp\/v2\/pages\/1033\/revisions\/1071"}],"wp:attachment":[{"href":"https:\/\/espoirtherapeutics.com\/fr\/wp-json\/wp\/v2\/media?parent=1033"}],"curies":[{"name":"wp","href":"https:\/\/api.w.org\/{rel}","templated":true}]}}